{"id":54,"date":"2012-09-22T16:18:39","date_gmt":"2012-09-22T16:18:39","guid":{"rendered":"http:\/\/www.leonardosasso.it\/?page_id=54"},"modified":"2021-03-31T13:04:50","modified_gmt":"2021-03-31T11:04:50","slug":"la-mia-famiglia","status":"publish","type":"page","link":"https:\/\/www.leonardosasso.it\/?page_id=54","title":{"rendered":"Cuore Giallobl\u00e8"},"content":{"rendered":"<p>L\u2019Ischia \u00e8 pi\u00f9 una squadra di calcio.<\/p>\n<p>E\u2019 un simbolo.<\/p>\n<p>E\u2019 una magia dietro la quale, da 90 anni circa, &nbsp;corre un\u2019isola intera.<\/p>\n<p>E\u2019 un pallone dietro il quale con la casacca Giallobl\u00e8 ogni ragazzino ischitano ha sognato di correre, prima ancora di sognare la serie A o la Coppa dei Campioni.<\/p>\n<p>E\u2019 una bandiera che fin dalla sua nascita ha cercato di farci uscire dal nostro, comunque bello, isolamento.<\/p>\n<p>Figure leggendarie hanno popolato la nostra Storia, figure che con passione e disinteresse hanno issato un vessillo che non si \u00e8 ammainato nemmeno negli anni pi\u00f9 bui e tristi quando pi\u00f9 e pi\u00f9 volte si \u00e8 rischiato di scomparire grazie ad avventurieri che hanno profittato di questi colori.<\/p>\n<p>Oggi si vivono di nuovo sogni di grandezza, ma quella maglia non pu\u00f2 dimenticare da dove veniamo.<\/p>\n<p>Dal Prof. Biagio Buonocore, primo presidente dell\u2019Ischia.<\/p>\n<p>Da Filippo Ferrandino, \u201ccap \u00e8 fierr\u201d, &nbsp;glorioso e mai abbastanza celebrato fondatore ed anima del sogno di tutti noi.<\/p>\n<p>Da Ciro Barile, \u201ccir e crucchett\u201d, signore tanto nella vita come in campo, probabilmente il pi\u00f9 grande calciatore ischitano di tutti i tempi.<\/p>\n<p>Da Salvatore Di Meglio, \u201cu patanaro\u201d, il pi\u00f9 prolifero realizzatore del club e grandissimo centravanti degli anni sessanta.<\/p>\n<p><a href=\"https:\/\/www.leonardosasso.it\/wp-content\/uploads\/2012\/09\/300px-Storica361.jpg\"><img fetchpriority=\"high\" decoding=\"async\" class=\"alignleft size-full wp-image-272\" title=\"1965 - Festeggiamenti per conquista dello spareggio con l'Angri.\" src=\"https:\/\/www.leonardosasso.it\/wp-content\/uploads\/2012\/09\/300px-Storica361.jpg\" alt=\"\" width=\"300\" height=\"244\"><\/a><\/p>\n<p>Da Leopoldo \u201ce cimmin\u201d, storico e folcloristico capo tifoso di un tempo ahim\u00e8 passato che, bambino, ricordo in testa al corteo dei festeggiamenti dopo la promozione in D &nbsp;nel mitico spareggio con l\u2019Angri.<\/p>\n<p>Da Enrico Scotti, sicuramente il pi\u00f9 grande dirigente sportivo isolano, tanto amato quanto contestato come tutti i migliori figli della nostra comunit\u00e0<\/p>\n<p>Dalla bellissima squadra che con pochi mezzi e composta quasi interamente da ragazzi ischitani sfior\u00f2 l\u2019impresa della promozione in C a partire da De Angelis \u201cu ricciulillo\u201d &nbsp;a Scaglione, da Spignese a Lauro, dal prof. Peppino Abbandonato geometra del centrocampo al fratello Lillino. Cosi come coloro che in quella squadra non erano ischitani ma che lo divennero nel cuore come Tonon, Giametta, Cosa, Cosimi, Porzia, Cannavacciuolo.<\/p>\n<p>Da Ciruzzo Sorrentino mio idolo da ragazzo.<\/p>\n<p>Dai \u201d Tarat\u00e0\u201d &nbsp;padre e soprattutto figlio mio fraterno amico e compagno di scuola la cui carriera \u00e8 stata inversamente proporzionale al suo straordinario talento.<\/p>\n<p>Dalla scuola dei lacchesi, \u201cBillone\u201d Monti, \u201cCarosello\u201d Migliaccio, Abramo de Siano, Gianni ed Enzo Patalano.<\/p>\n<p>L\u2019Ischia \u00e8 quella febbre che ci fa lasciare il coniglio all\u2019ischitana ogni domenica nel piatto per farci correre prima sulle vecchie, scalcagnate e gloriosissime &nbsp;tribune del Rispoli ed oggi su quelle confortevoli e belle del Mazzella.<\/p>\n<p>L\u2019Ischia \u00e8\u2026 l\u2019ISCHIA!!!<\/p>\n<p>La si critica come nessuna squadra al mondo, la si ama come nessun\u2019altra.<\/p>\n<p>Siamo ischitani, sono ischitano, anche in questo!<\/p>\n<p><a href=\"https:\/\/www.leonardosasso.it\/wp-content\/uploads\/2012\/09\/Festeggiamentiischiacalcio19871.jpg\"><img decoding=\"async\" class=\"alignleft size-full wp-image-273\" title=\"1987 - Festeggiamenti Promozione in C1 \" src=\"https:\/\/www.leonardosasso.it\/wp-content\/uploads\/2012\/09\/Festeggiamentiischiacalcio19871.jpg\" alt=\"\" width=\"250\" height=\"178\"><\/a><\/p>\n<p><\/p>","protected":false},"excerpt":{"rendered":"<p>L\u2019Ischia \u00e8 pi\u00f9 una squadra di calcio. E\u2019 un simbolo. E\u2019 una magia dietro la&#8230;<\/p>\n","protected":false},"author":1,"featured_media":0,"parent":0,"menu_order":0,"comment_status":"closed","ping_status":"open","template":"","meta":{"content-type":"","ngg_post_thumbnail":0,"footnotes":""},"yoast_head":"<!-- This site is optimized with the Yoast SEO plugin v24.3 - https:\/\/yoast.com\/wordpress\/plugins\/seo\/ -->\r\n<title>Cuore Giallobl\u00e8 - Leonardo Sasso web site<\/title>\r\n<meta name=\"robots\" content=\"index, follow, max-snippet:-1, max-image-preview:large, max-video-preview:-1\" \/>\r\n<link rel=\"canonical\" href=\"https:\/\/www.leonardosasso.it\/?page_id=54\" \/>\r\n<meta property=\"og:locale\" content=\"it_IT\" \/>\r\n<meta property=\"og:type\" content=\"article\" \/>\r\n<meta property=\"og:title\" content=\"Cuore Giallobl\u00e8 - Leonardo Sasso web site\" \/>\r\n<meta property=\"og:description\" content=\"L\u2019Ischia \u00e8 pi\u00f9 una squadra di calcio. E\u2019 un simbolo. E\u2019 una magia dietro la...\" \/>\r\n<meta property=\"og:url\" content=\"https:\/\/www.leonardosasso.it\/?page_id=54\" \/>\r\n<meta property=\"og:site_name\" content=\"Leonardo Sasso web site\" \/>\r\n<meta property=\"article:modified_time\" content=\"2021-03-31T11:04:50+00:00\" \/>\r\n<meta property=\"og:image\" content=\"https:\/\/www.leonardosasso.it\/wp-content\/uploads\/2012\/09\/300px-Storica361.jpg\" \/>\r\n<meta name=\"twitter:card\" content=\"summary_large_image\" \/>\r\n<meta name=\"twitter:label1\" content=\"Tempo di lettura stimato\" \/>\n\t<meta name=\"twitter:data1\" content=\"2 minuti\" \/>\r\n<script type=\"application\/ld+json\" class=\"yoast-schema-graph\">{\"@context\":\"https:\/\/schema.org\",\"@graph\":[{\"@type\":\"WebPage\",\"@id\":\"https:\/\/www.leonardosasso.it\/?page_id=54\",\"url\":\"https:\/\/www.leonardosasso.it\/?page_id=54\",\"name\":\"Cuore Giallobl\u00e8 - Leonardo Sasso web site\",\"isPartOf\":{\"@id\":\"https:\/\/www.leonardosasso.it\/#website\"},\"primaryImageOfPage\":{\"@id\":\"https:\/\/www.leonardosasso.it\/?page_id=54#primaryimage\"},\"image\":{\"@id\":\"https:\/\/www.leonardosasso.it\/?page_id=54#primaryimage\"},\"thumbnailUrl\":\"https:\/\/www.leonardosasso.it\/wp-content\/uploads\/2012\/09\/300px-Storica361.jpg\",\"datePublished\":\"2012-09-22T16:18:39+00:00\",\"dateModified\":\"2021-03-31T11:04:50+00:00\",\"breadcrumb\":{\"@id\":\"https:\/\/www.leonardosasso.it\/?page_id=54#breadcrumb\"},\"inLanguage\":\"it-IT\",\"potentialAction\":[{\"@type\":\"ReadAction\",\"target\":[\"https:\/\/www.leonardosasso.it\/?page_id=54\"]}]},{\"@type\":\"ImageObject\",\"inLanguage\":\"it-IT\",\"@id\":\"https:\/\/www.leonardosasso.it\/?page_id=54#primaryimage\",\"url\":\"https:\/\/www.leonardosasso.it\/wp-content\/uploads\/2012\/09\/300px-Storica361.jpg\",\"contentUrl\":\"https:\/\/www.leonardosasso.it\/wp-content\/uploads\/2012\/09\/300px-Storica361.jpg\",\"width\":\"300\",\"height\":\"244\"},{\"@type\":\"BreadcrumbList\",\"@id\":\"https:\/\/www.leonardosasso.it\/?page_id=54#breadcrumb\",\"itemListElement\":[{\"@type\":\"ListItem\",\"position\":1,\"name\":\"Home\",\"item\":\"https:\/\/www.leonardosasso.it\/\"},{\"@type\":\"ListItem\",\"position\":2,\"name\":\"Cuore Giallobl\u00e8\"}]},{\"@type\":\"WebSite\",\"@id\":\"https:\/\/www.leonardosasso.it\/#website\",\"url\":\"https:\/\/www.leonardosasso.it\/\",\"name\":\"Leonardo Sasso web site\",\"description\":\"blog di ordinaria disinformazione\",\"publisher\":{\"@id\":\"https:\/\/www.leonardosasso.it\/#\/schema\/person\/57496f2fb8cef399223fa4c9da8ffe1c\"},\"potentialAction\":[{\"@type\":\"SearchAction\",\"target\":{\"@type\":\"EntryPoint\",\"urlTemplate\":\"https:\/\/www.leonardosasso.it\/?s={search_term_string}\"},\"query-input\":{\"@type\":\"PropertyValueSpecification\",\"valueRequired\":true,\"valueName\":\"search_term_string\"}}],\"inLanguage\":\"it-IT\"},{\"@type\":[\"Person\",\"Organization\"],\"@id\":\"https:\/\/www.leonardosasso.it\/#\/schema\/person\/57496f2fb8cef399223fa4c9da8ffe1c\",\"name\":\"Leonardo\",\"image\":{\"@type\":\"ImageObject\",\"inLanguage\":\"it-IT\",\"@id\":\"https:\/\/www.leonardosasso.it\/#\/schema\/person\/image\/\",\"url\":\"https:\/\/www.leonardosasso.it\/wp-content\/uploads\/2023\/01\/io.bmp\",\"contentUrl\":\"https:\/\/www.leonardosasso.it\/wp-content\/uploads\/2023\/01\/io.bmp\",\"width\":288,\"height\":288,\"caption\":\"Leonardo\"},\"logo\":{\"@id\":\"https:\/\/www.leonardosasso.it\/#\/schema\/person\/image\/\"},\"sameAs\":[\"https:\/\/www.leonardosasso.it\"]}]}<\/script>\r\n<!-- \/ Yoast SEO plugin. -->","yoast_head_json":{"title":"Cuore Giallobl\u00e8 - Leonardo Sasso web site","robots":{"index":"index","follow":"follow","max-snippet":"max-snippet:-1","max-image-preview":"max-image-preview:large","max-video-preview":"max-video-preview:-1"},"canonical":"https:\/\/www.leonardosasso.it\/?page_id=54","og_locale":"it_IT","og_type":"article","og_title":"Cuore Giallobl\u00e8 - Leonardo Sasso web site","og_description":"L\u2019Ischia \u00e8 pi\u00f9 una squadra di calcio. E\u2019 un simbolo. E\u2019 una magia dietro la...","og_url":"https:\/\/www.leonardosasso.it\/?page_id=54","og_site_name":"Leonardo Sasso web site","article_modified_time":"2021-03-31T11:04:50+00:00","og_image":[{"url":"https:\/\/www.leonardosasso.it\/wp-content\/uploads\/2012\/09\/300px-Storica361.jpg","type":"","width":"","height":""}],"twitter_card":"summary_large_image","twitter_misc":{"Tempo di lettura stimato":"2 minuti"},"schema":{"@context":"https:\/\/schema.org","@graph":[{"@type":"WebPage","@id":"https:\/\/www.leonardosasso.it\/?page_id=54","url":"https:\/\/www.leonardosasso.it\/?page_id=54","name":"Cuore Giallobl\u00e8 - Leonardo Sasso web site","isPartOf":{"@id":"https:\/\/www.leonardosasso.it\/#website"},"primaryImageOfPage":{"@id":"https:\/\/www.leonardosasso.it\/?page_id=54#primaryimage"},"image":{"@id":"https:\/\/www.leonardosasso.it\/?page_id=54#primaryimage"},"thumbnailUrl":"https:\/\/www.leonardosasso.it\/wp-content\/uploads\/2012\/09\/300px-Storica361.jpg","datePublished":"2012-09-22T16:18:39+00:00","dateModified":"2021-03-31T11:04:50+00:00","breadcrumb":{"@id":"https:\/\/www.leonardosasso.it\/?page_id=54#breadcrumb"},"inLanguage":"it-IT","potentialAction":[{"@type":"ReadAction","target":["https:\/\/www.leonardosasso.it\/?page_id=54"]}]},{"@type":"ImageObject","inLanguage":"it-IT","@id":"https:\/\/www.leonardosasso.it\/?page_id=54#primaryimage","url":"https:\/\/www.leonardosasso.it\/wp-content\/uploads\/2012\/09\/300px-Storica361.jpg","contentUrl":"https:\/\/www.leonardosasso.it\/wp-content\/uploads\/2012\/09\/300px-Storica361.jpg","width":"300","height":"244"},{"@type":"BreadcrumbList","@id":"https:\/\/www.leonardosasso.it\/?page_id=54#breadcrumb","itemListElement":[{"@type":"ListItem","position":1,"name":"Home","item":"https:\/\/www.leonardosasso.it\/"},{"@type":"ListItem","position":2,"name":"Cuore Giallobl\u00e8"}]},{"@type":"WebSite","@id":"https:\/\/www.leonardosasso.it\/#website","url":"https:\/\/www.leonardosasso.it\/","name":"Leonardo Sasso web site","description":"blog di ordinaria disinformazione","publisher":{"@id":"https:\/\/www.leonardosasso.it\/#\/schema\/person\/57496f2fb8cef399223fa4c9da8ffe1c"},"potentialAction":[{"@type":"SearchAction","target":{"@type":"EntryPoint","urlTemplate":"https:\/\/www.leonardosasso.it\/?s={search_term_string}"},"query-input":{"@type":"PropertyValueSpecification","valueRequired":true,"valueName":"search_term_string"}}],"inLanguage":"it-IT"},{"@type":["Person","Organization"],"@id":"https:\/\/www.leonardosasso.it\/#\/schema\/person\/57496f2fb8cef399223fa4c9da8ffe1c","name":"Leonardo","image":{"@type":"ImageObject","inLanguage":"it-IT","@id":"https:\/\/www.leonardosasso.it\/#\/schema\/person\/image\/","url":"https:\/\/www.leonardosasso.it\/wp-content\/uploads\/2023\/01\/io.bmp","contentUrl":"https:\/\/www.leonardosasso.it\/wp-content\/uploads\/2023\/01\/io.bmp","width":288,"height":288,"caption":"Leonardo"},"logo":{"@id":"https:\/\/www.leonardosasso.it\/#\/schema\/person\/image\/"},"sameAs":["https:\/\/www.leonardosasso.it"]}]}},"_links":{"self":[{"href":"https:\/\/www.leonardosasso.it\/index.php?rest_route=\/wp\/v2\/pages\/54"}],"collection":[{"href":"https:\/\/www.leonardosasso.it\/index.php?rest_route=\/wp\/v2\/pages"}],"about":[{"href":"https:\/\/www.leonardosasso.it\/index.php?rest_route=\/wp\/v2\/types\/page"}],"author":[{"embeddable":true,"href":"https:\/\/www.leonardosasso.it\/index.php?rest_route=\/wp\/v2\/users\/1"}],"replies":[{"embeddable":true,"href":"https:\/\/www.leonardosasso.it\/index.php?rest_route=%2Fwp%2Fv2%2Fcomments&post=54"}],"version-history":[{"count":24,"href":"https:\/\/www.leonardosasso.it\/index.php?rest_route=\/wp\/v2\/pages\/54\/revisions"}],"predecessor-version":[{"id":1340,"href":"https:\/\/www.leonardosasso.it\/index.php?rest_route=\/wp\/v2\/pages\/54\/revisions\/1340"}],"wp:attachment":[{"href":"https:\/\/www.leonardosasso.it\/index.php?rest_route=%2Fwp%2Fv2%2Fmedia&parent=54"}],"curies":[{"name":"wp","href":"https:\/\/api.w.org\/{rel}","templated":true}]}}